{"id":10442,"date":"2025-11-21T15:45:00","date_gmt":"2025-11-21T15:45:00","guid":{"rendered":"https:\/\/thelotusazure.com\/boutique-2\/"},"modified":"2026-01-28T06:44:24","modified_gmt":"2026-01-28T06:44:24","slug":"boutique-2","status":"publish","type":"page","link":"https:\/\/thelotusazure.com\/fr\/boutique-2\/","title":{"rendered":"Tests m\u00e9dicaux et forfaits sant\u00e9 \u00e0 Bangkok"},"content":{"rendered":"","protected":false},"excerpt":{"rendered":"","protected":false},"author":322,"featured_media":0,"parent":0,"menu_order":0,"comment_status":"closed","ping_status":"closed","template":"","meta":{"_acf_changed":false,"footnotes":""},"class_list":["post-10442","page","type-page","status-publish","hentry"],"acf":[],"_links":{"self":[{"href":"https:\/\/thelotusazure.com\/fr\/wp-json\/wp\/v2\/pages\/10442","targetHints":{"allow":["GET"]}}],"collection":[{"href":"https:\/\/thelotusazure.com\/fr\/wp-json\/wp\/v2\/pages"}],"about":[{"href":"https:\/\/thelotusazure.com\/fr\/wp-json\/wp\/v2\/types\/page"}],"author":[{"embeddable":true,"href":"https:\/\/thelotusazure.com\/fr\/wp-json\/wp\/v2\/users\/322"}],"replies":[{"embeddable":true,"href":"https:\/\/thelotusazure.com\/fr\/wp-json\/wp\/v2\/comments?post=10442"}],"version-history":[{"count":1,"href":"https:\/\/thelotusazure.com\/fr\/wp-json\/wp\/v2\/pages\/10442\/revisions"}],"predecessor-version":[{"id":16186,"href":"https:\/\/thelotusazure.com\/fr\/wp-json\/wp\/v2\/pages\/10442\/revisions\/16186"}],"wp:attachment":[{"href":"https:\/\/thelotusazure.com\/fr\/wp-json\/wp\/v2\/media?parent=10442"}],"curies":[{"name":"wp","href":"https:\/\/api.w.org\/{rel}","templated":true}]}}