{"id":13230,"date":"2025-12-20T07:55:50","date_gmt":"2025-12-20T07:55:50","guid":{"rendered":"https:\/\/thelotusazure.com\/reservation-de-rendez-vous\/"},"modified":"2026-03-17T08:52:29","modified_gmt":"2026-03-17T08:52:29","slug":"reservation-de-rendez-vous","status":"publish","type":"page","link":"https:\/\/thelotusazure.com\/fr\/reservation-de-rendez-vous\/","title":{"rendered":"R\u00e9servation de rendez-vous"},"content":{"rendered":"<div class=\"appointment-heading\">\nChoisissez votre service et votre date pour v\u00e9rifier la disponibilit\u00e9 et r\u00e9server votre rendez-vous.<br \/>\nLes dates de fermeture ou de jours f\u00e9ri\u00e9s appara\u00eetront comme indisponibles.<\/p>\n<style>.appointment-heading {<br \/>  text-align: center;<br \/>  max-width: 900px;<br \/>  margin: 0 auto 40px;<\/p>\n<p>}<\/p>\n<p>.appointment-heading h2 {<br \/>  color: #001E46!important;<br \/>  font-size: 32px;<br \/>  font-weight: 700;<br \/>  margin-bottom: 12px;<br \/>}<\/p>\n<p>.appointment-heading p {<br \/>  color: #5F6F81;<br \/>  font-size: 16px;<br \/>  line-height: 1.6;<br \/>  margin: 0;<br \/>}<br \/><\/style>\n<\/div>\n<!--\nPlugin Name: Bookly - Responsive WordPress Appointment Booking and Scheduling Plugin\nPlugin URI: https:\/\/www.booking-wp-plugin.com\/?utm_source=bookly_admin&utm_medium=plugins_page&utm_campaign=plugins_page\nVersion: 27.2-->\n<style type=\"text\/css\">\n    :root {\n        --bookly-main-color: #f4662f !important;\n        --bookly-color: #f4662f !important;\n    }\n\n    <\/style><div class=\"bookly-css-root\">\n    <div id=\"bookly-form-container-69e2662ce3b88\" class=\"bookly-form\" data-form_id=\"\" aria-live=\"polite\">\n        <div style=\"text-align: center\"><img decoding=\"async\" src=\"https:\/\/thelotusazure.com\/wp-includes\/js\/tinymce\/skins\/lightgray\/img\/loader.gif\" alt=\"Chargement...\"\/><\/div>\n    <\/div>\n<\/div>\n<script type=\"text\/javascript\">\n    (function (win, fn) {\n        var done = false, top = true,\n            doc = win.document,\n            root = doc.documentElement,\n            modern = doc.addEventListener,\n            add = modern ? 'addEventListener' : 'attachEvent',\n            rem = modern ? 'removeEventListener' : 'detachEvent',\n            pre = modern ? '' : 'on',\n            init = function (e) {\n                if (e.type == 'readystatechange') if (doc.readyState != 'complete') return;\n                (e.type == 'load' ? win : doc)[rem](pre + e.type, init, false);\n                if (!done) {\n                    done = true;\n                    fn.call(win, e.type || e);\n                }\n            },\n            poll = function () {\n                try {\n                    root.doScroll('left');\n                } catch (e) {\n                    setTimeout(poll, 50);\n                    return;\n                }\n                init('poll');\n            };\n        if (doc.readyState == 'complete') fn.call(win, 'lazy');\n        else {\n            if (!modern) if (root.doScroll) {\n                try {\n                    top = !win.frameElement;\n                } catch (e) {\n                }\n                if (top) poll();\n            }\n            doc[add](pre + 'DOMContentLoaded', init, false);\n            doc[add](pre + 'readystatechange', init, false);\n            win[add](pre + 'load', init, false);\n        }\n    })(window, function () {\n        window.bookly( {\"form_id\":\"69e2662ce3b88\",\"form_data\":{\"skip_service_step\":0,\"hide_service_part1\":0,\"hide_service_part2\":0,\"defaults\":{\"service_id\":0,\"staff_id\":0,\"location_id\":0,\"category_id\":0,\"units\":0,\"date_from\":0,\"time_from\":0,\"time_to\":0}},\"status\":{\"booking\":\"new\"},\"form_token\":null,\"skip_steps\":{\"service_part1\":0,\"service_part2\":0,\"extras\":1,\"time\":0,\"repeat\":1,\"cart\":1},\"errors\":{\"session_error\":\"Erreur Session.\",\"form_id_error\":\"ID Formulaire d'erreur.\",\"cart_item_not_available\":\"Le cr\\u00e9neau horaire s\\u00e9lectionn\\u00e9 n'est plus disponible. Merci d'en choisir un autre.\",\"pay_locally_not_available\":\"Le paiement local n'est pas disponible.\",\"invalid_gateway\":\"Portail invalide.\",\"payment_error\":\"Erreur.\",\"incorrect_username_password\":\"Identifiant ou mot de passe incorrect.\"},\"form_attributes\":{\"hide_categories\":false,\"hide_services\":false,\"hide_staff_members\":true,\"show_number_of_persons\":false,\"hide_service_duration\":true,\"hide_locations\":true,\"hide_quantity\":true,\"hide_date\":false,\"hide_week_days\":false,\"hide_time_range\":false},\"use_client_time_zone\":0,\"defaults\":{\"service_id\":0,\"staff_id\":0,\"location_id\":0,\"category_id\":0},\"datepicker_mode\":\"text-accent\",\"facebook\":{\"enabled\":1,\"appId\":\"\"}} );\n    });\n<\/script>\n","protected":false},"excerpt":{"rendered":"<p>Choisissez votre service et votre date pour v\u00e9rifier la disponibilit\u00e9 et r\u00e9server votre rendez-vous. Les dates de fermeture ou de jours f\u00e9ri\u00e9s appara\u00eetront comme indisponibles.<\/p>\n","protected":false},"author":322,"featured_media":0,"parent":0,"menu_order":0,"comment_status":"closed","ping_status":"closed","template":"","meta":{"_acf_changed":false,"footnotes":""},"class_list":["post-13230","page","type-page","status-publish","hentry"],"acf":[],"_links":{"self":[{"href":"https:\/\/thelotusazure.com\/fr\/wp-json\/wp\/v2\/pages\/13230","targetHints":{"allow":["GET"]}}],"collection":[{"href":"https:\/\/thelotusazure.com\/fr\/wp-json\/wp\/v2\/pages"}],"about":[{"href":"https:\/\/thelotusazure.com\/fr\/wp-json\/wp\/v2\/types\/page"}],"author":[{"embeddable":true,"href":"https:\/\/thelotusazure.com\/fr\/wp-json\/wp\/v2\/users\/322"}],"replies":[{"embeddable":true,"href":"https:\/\/thelotusazure.com\/fr\/wp-json\/wp\/v2\/comments?post=13230"}],"version-history":[{"count":9,"href":"https:\/\/thelotusazure.com\/fr\/wp-json\/wp\/v2\/pages\/13230\/revisions"}],"predecessor-version":[{"id":18605,"href":"https:\/\/thelotusazure.com\/fr\/wp-json\/wp\/v2\/pages\/13230\/revisions\/18605"}],"wp:attachment":[{"href":"https:\/\/thelotusazure.com\/fr\/wp-json\/wp\/v2\/media?parent=13230"}],"curies":[{"name":"wp","href":"https:\/\/api.w.org\/{rel}","templated":true}]}}