{"id":16220,"date":"2026-01-28T07:27:26","date_gmt":"2026-01-28T07:27:26","guid":{"rendered":"https:\/\/thelotusazure.com\/page-de-traduction\/"},"modified":"2026-01-28T09:58:08","modified_gmt":"2026-01-28T09:58:08","slug":"page-de-traduction","status":"publish","type":"page","link":"https:\/\/thelotusazure.com\/fr\/page-de-traduction\/","title":{"rendered":"Page de traduction"},"content":{"rendered":"\t\t<div data-elementor-type=\"wp-page\" data-elementor-id=\"16220\" class=\"elementor elementor-16220\" data-elementor-post-type=\"page\">\n\t\t\t\t<div class=\"elementor-element elementor-element-c401c9e e-flex e-con-boxed e-con e-parent\" data-id=\"c401c9e\" data-element_type=\"container\" data-e-type=\"container\">\n\t\t\t\t\t<div class=\"e-con-inner\">\n\t\t\t\t<div class=\"elementor-element elementor-element-ce5d28d elementor-widget elementor-widget-heading\" data-id=\"ce5d28d\" data-element_type=\"widget\" data-e-type=\"widget\" data-widget_type=\"heading.default\">\n\t\t\t\t<div class=\"elementor-widget-container\">\n\t\t\t\t\t<h2 class=\"elementor-heading-title elementor-size-default\"><div class=\"brief\">Bref aper\u00e7u<\/div><br><div class=\"other-h\">Centre de diagnostic m\u00e9dical certifi\u00e9 ISO et approuv\u00e9 par le CCG \u00e0 Bangkok<br><br>Comment notre processus fonctionne \u00e9tape par \u00e9tape<\/div><\/h2>\t\t\t\t<\/div>\n\t\t\t\t<\/div>\n\t\t\t\t<div class=\"elementor-element elementor-element-089c36c elementor-widget elementor-widget-text-editor\" data-id=\"089c36c\" data-element_type=\"widget\" data-e-type=\"widget\" data-widget_type=\"text-editor.default\">\n\t\t\t\t<div class=\"elementor-widget-container\">\n\t\t\t\t\t\t\t\t\t<div class=\"step\"><b>\u00c9tape 1 : Inscription et pr\u00e9-v\u00e9rification<\/b><\/div>\nVos documents et exigences de service sont v\u00e9rifi\u00e9s avant le d\u00e9but des tests. Cela garantit que le parcours d&rsquo;examen correct est s\u00e9lectionn\u00e9 pour les services de visa, d&#8217;emploi, d&rsquo;entreprise ou de sant\u00e9 pr\u00e9ventive. <br><br>\n<div class=\"step\"><b>\u00c9tape 2 : Examen m\u00e9dical et pr\u00e9l\u00e8vement d&rsquo;\u00e9chantillons<\/b><\/div>\nTous les examens et pr\u00e9l\u00e8vements d&rsquo;\u00e9chantillons de laboratoire sont effectu\u00e9s sur place \u00e0 l&rsquo;aide de syst\u00e8mes de diagnostic calibr\u00e9s, conform\u00e9ment aux protocoles cliniques standardis\u00e9s.<br><br>\n<div class=\"step\"><b>\u00c9tape 3 : Contr\u00f4le qualit\u00e9 et examen m\u00e9dical<\/b><\/div>\nChaque rapport fait l&rsquo;objet d&rsquo;un contr\u00f4le qualit\u00e9 interne et d&rsquo;une validation m\u00e9dicale afin de garantir l&rsquo;exactitude, l&rsquo;exhaustivit\u00e9 et l&rsquo;acceptation institutionnelle.<br><br>\n<div class=\"step\"><b>\u00c9tape 4 : D\u00e9livrance du rapport<\/b><\/div>\nVous recevez des rapports valid\u00e9s m\u00e9dicalement et pr\u00eats \u00e0 \u00eatre utilis\u00e9s par les institutions, adapt\u00e9s aux soumissions \u00e0 l&rsquo;ambassade, aux programmes d&#8217;emploi, de sant\u00e9 d&rsquo;entreprise et aux dossiers de sant\u00e9 personnels.<br><br><b>Notre processus est con\u00e7u pour r\u00e9duire le risque de rejet et pr\u00e9venir les retards caus\u00e9s par des erreurs techniques ou de documentation.<\/b><br><br>\n<h2 class=\"step-3\">Un centre de diagnostic accr\u00e9dit\u00e9 au niveau international, auquel on fait confiance pour les autorisations m\u00e9dicales \u00e0 des fins de vie, de travail, de visa et institutionnelles.<\/h2>\n<b>Lotus Azure<\/b> est un centre de diagnostic m\u00e9dical accr\u00e9dit\u00e9 au niveau international, \u00e9quip\u00e9 de syst\u00e8mes de laboratoire et de diagnostic enti\u00e8rement int\u00e9gr\u00e9s, cr\u00e9\u00e9 et g\u00e9r\u00e9 par des professionnels de la sant\u00e9 exp\u00e9riment\u00e9s et des sp\u00e9cialistes de la gestion des soins de sant\u00e9.<br><br>\nNous r\u00e9alisons des examens m\u00e9dicaux standardis\u00e9s, des diagnostics de laboratoire, des radiologies et des \u00e9valuations de la condition physique conform\u00e9ment aux protocoles cliniques internationaux r\u00e9glement\u00e9s, garantissant ainsi que chaque rapport que nous publions est cliniquement fiable, pr\u00eat \u00e0 \u00eatre utilis\u00e9 par les institutions et professionnellement responsable.<br><br>\nAvec plus de <b>25 ans<\/b> de leadership \u00e9prouv\u00e9 dans la gestion des diagnostics m\u00e9dicaux, <b>Lotus Azure<\/b> est reconnu pour ses services de diagnostic pr\u00e9cis, rapides et r\u00e9gis par l&rsquo;\u00e9thique.<br><br>\nLes gens ne viennent pas chez <b>Lotus Azure<\/b> juste pour \u00ab faire des tests m\u00e9dicaux \u00bb. Ils viennent ici parce que quelque chose d&rsquo;important dans leur vie avance \u2014 un emploi, un visa, un d\u00e9tachement, un contrat, une relocalisation \u2014 et ils ont besoin que leur autorisation m\u00e9dicale soit faite correctement, calmement et sans erreurs.<br><br>\nD\u00e8s votre arriv\u00e9e, notre \u00e9quipe guide votre processus, v\u00e9rifie votre documentation, effectue vos examens \u00e0 l&rsquo;aide de syst\u00e8mes m\u00e9dicaux calibr\u00e9s et \u00e9met des rapports m\u00e9dicaux structur\u00e9s, con\u00e7us pour \u00eatre soumis et accept\u00e9s officiellement.<br><br>\n<b>Vous ne repartez pas incertain.<br>Vous repartez avec des rapports m\u00e9dicaux clairs et valid\u00e9s, pr\u00eats \u00e0 \u00eatre soumis officiellement.<\/b>\t\t\t\t\t\t\t\t<\/div>\n\t\t\t\t<\/div>\n\t\t\t\t\t<\/div>\n\t\t\t\t<\/div>\n\t\t<div class=\"elementor-element elementor-element-96b18b7 e-flex e-con-boxed e-con e-parent\" data-id=\"96b18b7\" data-element_type=\"container\" data-e-type=\"container\">\n\t\t\t\t\t<div class=\"e-con-inner\">\n\t\t\t\t<div class=\"elementor-element elementor-element-ed74ce2 elementor-widget elementor-widget-heading\" data-id=\"ed74ce2\" data-element_type=\"widget\" data-e-type=\"widget\" data-widget_type=\"heading.default\">\n\t\t\t\t<div class=\"elementor-widget-container\">\n\t\t\t\t\t<h6 class=\"elementor-heading-title elementor-size-default\">Pr\u00e9venir \u2022 Pr\u00e9server \u2022 Prosp\u00e9rer <br>Gr\u00e2ce \u00e0 des diagnostics fiables, pr\u00e9cis et avanc\u00e9s<\/h6>\t\t\t\t<\/div>\n\t\t\t\t<\/div>\n\t\t\t\t<div class=\"elementor-element elementor-element-04671f9 elementor-widget elementor-widget-heading\" data-id=\"04671f9\" data-element_type=\"widget\" data-e-type=\"widget\" data-widget_type=\"heading.default\">\n\t\t\t\t<div class=\"elementor-widget-container\">\n\t\t\t\t\t<h2 class=\"elementor-heading-title elementor-size-default\">Pourquoi nous choisir<p class=\"para\">Parce que choisir le mauvais centre m\u00e9dical peut retarder votre demande, <br>nous avons con\u00e7u notre processus pour prot\u00e9ger votre r\u00e9sultat, et pas seulement pour effectuer des tests.<\/p><\/h2>\t\t\t\t<\/div>\n\t\t\t\t<\/div>\n\t\t\t\t<div class=\"elementor-element elementor-element-f5603f6 elementor-widget elementor-widget-text-editor\" data-id=\"f5603f6\" data-element_type=\"widget\" data-e-type=\"widget\" data-widget_type=\"text-editor.default\">\n\t\t\t\t<div class=\"elementor-widget-container\">\n\t\t\t\t\t\t\t\t\t<p>Installation m\u00e9dicale accr\u00e9dit\u00e9e au niveau international<br><br>Examens m\u00e9dicaux standardis\u00e9s approuv\u00e9s par les ambassades et les gouvernements<\/p><p>Technologie de diagnostic et de laboratoire avanc\u00e9e<br><br>Professionnels de la sant\u00e9 qualifi\u00e9s et personnel clinique form\u00e9<br><br>Rapports le jour m\u00eame pour la plupart des examens m\u00e9dicaux de visa<br><br>Respect strict des normes cliniques internationales<\/p><p> <\/p>\t\t\t\t\t\t\t\t<\/div>\n\t\t\t\t<\/div>\n\t\t\t\t\t<\/div>\n\t\t\t\t<\/div>\n\t\t\t\t<\/div>\n\t\t","protected":false},"excerpt":{"rendered":"<p>Bref aper\u00e7uCentre de diagnostic m\u00e9dical certifi\u00e9 ISO et approuv\u00e9 par le CCG \u00e0 Bangkok Comment notre processus fonctionne \u00e9tape par \u00e9tape \u00c9tape 1 : Inscription et pr\u00e9-v\u00e9rification Vos documents et exigences de service sont v\u00e9rifi\u00e9s avant le d\u00e9but des tests. Cela garantit que le parcours d&rsquo;examen correct est s\u00e9lectionn\u00e9 pour les services de visa, d&#8217;emploi, [&hellip;]<\/p>\n","protected":false},"author":17,"featured_media":0,"parent":0,"menu_order":0,"comment_status":"closed","ping_status":"closed","template":"elementor_header_footer","meta":{"_acf_changed":false,"footnotes":""},"class_list":["post-16220","page","type-page","status-publish","hentry"],"acf":[],"_links":{"self":[{"href":"https:\/\/thelotusazure.com\/fr\/wp-json\/wp\/v2\/pages\/16220","targetHints":{"allow":["GET"]}}],"collection":[{"href":"https:\/\/thelotusazure.com\/fr\/wp-json\/wp\/v2\/pages"}],"about":[{"href":"https:\/\/thelotusazure.com\/fr\/wp-json\/wp\/v2\/types\/page"}],"author":[{"embeddable":true,"href":"https:\/\/thelotusazure.com\/fr\/wp-json\/wp\/v2\/users\/17"}],"replies":[{"embeddable":true,"href":"https:\/\/thelotusazure.com\/fr\/wp-json\/wp\/v2\/comments?post=16220"}],"version-history":[{"count":2,"href":"https:\/\/thelotusazure.com\/fr\/wp-json\/wp\/v2\/pages\/16220\/revisions"}],"predecessor-version":[{"id":16234,"href":"https:\/\/thelotusazure.com\/fr\/wp-json\/wp\/v2\/pages\/16220\/revisions\/16234"}],"wp:attachment":[{"href":"https:\/\/thelotusazure.com\/fr\/wp-json\/wp\/v2\/media?parent=16220"}],"curies":[{"name":"wp","href":"https:\/\/api.w.org\/{rel}","templated":true}]}}