{"id":14923,"date":"2023-01-13T05:54:32","date_gmt":"2023-01-13T05:54:32","guid":{"rendered":"https:\/\/thelotusazure.com\/?post_type=product&#038;p=14923"},"modified":"2026-02-26T10:54:36","modified_gmt":"2026-02-26T10:54:36","slug":"bilan-de-sante-de-base","status":"publish","type":"product","link":"https:\/\/thelotusazure.com\/fr\/product\/bilan-de-sante-de-base\/","title":{"rendered":"Bilan de sant\u00e9 de base"},"content":{"rendered":"<p>Bilan de sant\u00e9 de base<\/p>\n","protected":false},"excerpt":{"rendered":"<p class=\"cvGsUA direction-ltr align-start para-style-body\"><span class=\"a_GcMg font-feature-liga-off font-feature-clig-off font-feature-calt-off text-decoration-none text-strikethrough-none\">Examen physique : <\/span><span class=\"a_GcMg font-feature-liga-off font-feature-clig-off font-feature-calt-off text-decoration-none text-strikethrough-none\">TA, Pouls, IMC<\/span><\/p>\n<p class=\"cvGsUA direction-ltr align-start para-style-body\"><span class=\"a_GcMg font-feature-liga-off font-feature-clig-off font-feature-calt-off text-decoration-none text-strikethrough-none\">Saturation<\/span><\/p>\n<p class=\"cvGsUA direction-ltr align-start para-style-body\"><span class=\"a_GcMg font-feature-liga-off font-feature-clig-off font-feature-calt-off text-decoration-none text-strikethrough-none\">Tests de laboratoire :<\/span><span class=\"a_GcMg font-feature-liga-off font-feature-clig-off font-feature-calt-off text-decoration-none text-strikethrough-none\"> NFS, Glucose (\u00e0 jeun\/al\u00e9atoire), Profil lipidique [LDL, HDL (\u00e0 jeun\/al\u00e9atoire)], Cholest\u00e9rol, Triglyc\u00e9rides, Ratio Cholest\u00e9rol\/HDL<\/span><\/p>\n<p class=\"cvGsUA direction-ltr align-start para-style-body\"><span class=\"a_GcMg font-feature-liga-off font-feature-clig-off font-feature-calt-off text-decoration-none text-strikethrough-none\">Tests de la fonction h\u00e9patique<\/span><span class=\"a_GcMg font-feature-liga-off font-feature-clig-off font-feature-calt-off text-decoration-none text-strikethrough-none\"> SGOT,<\/span> <span class=\"a_GcMg font-feature-liga-off font-feature-clig-off font-feature-calt-off text-decoration-none text-strikethrough-none\">SGPT,<\/span> <span class=\"a_GcMg font-feature-liga-off font-feature-clig-off font-feature-calt-off text-decoration-none text-strikethrough-none\">PAL<\/span><\/p>\n<p class=\"cvGsUA direction-ltr align-start para-style-body\"><span class=\"a_GcMg font-feature-liga-off font-feature-clig-off font-feature-calt-off text-decoration-none text-strikethrough-none\">Tests de la fonction r\u00e9nale <\/span><span class=\"a_GcMg font-feature-liga-off font-feature-clig-off font-feature-calt-off text-decoration-none text-strikethrough-none\">Cr\u00e9atinine, Ur\u00e9e, DFG<\/span><\/p>\n<p class=\"cvGsUA direction-ltr align-start para-style-body\"><span class=\"a_GcMg font-feature-liga-off font-feature-clig-off font-feature-calt-off text-decoration-none text-strikethrough-none\">Analyse d&rsquo;urine<\/span><\/p>\n<p class=\"cvGsUA direction-ltr align-start para-style-body\"><span class=\"a_GcMg font-feature-liga-off font-feature-clig-off font-feature-calt-off text-decoration-none text-strikethrough-none\">\u2022 Examen physique : mesure de la tension art\u00e9rielle (TA), pouls, indice de masse corporelle (IMC), saturation en oxyg\u00e8ne du sang<\/span><\/p>\n<p class=\"cvGsUA direction-ltr align-start para-style-body\"><span class=\"a_GcMg font-feature-liga-off font-feature-clig-off font-feature-calt-off text-decoration-none text-strikethrough-none\">\u2022 Tests de laboratoire :<\/span><\/p>\n<p class=\"cvGsUA direction-ltr align-start para-style-body\"><span class=\"a_GcMg font-feature-liga-off font-feature-clig-off font-feature-calt-off text-decoration-none text-strikethrough-none\">\u2022 Num\u00e9ration formule sanguine (NFS)<\/span><\/p>\n<p class=\"cvGsUA direction-ltr align-start para-style-body\"><span class=\"a_GcMg font-feature-liga-off font-feature-clig-off font-feature-calt-off text-decoration-none text-strikethrough-none\">\u2022 Test de glyc\u00e9mie (\u00e0 jeun\/al\u00e9atoire)<\/span><\/p>\n<p class=\"cvGsUA direction-ltr align-start para-style-body\"><span class=\"a_GcMg font-feature-liga-off font-feature-clig-off font-feature-calt-off text-decoration-none text-strikethrough-none\">\u2022 Bilan lipidique : LDL, HDL, cholest\u00e9rol, triglyc\u00e9rides, ratio cholest\u00e9rol\/HDL<\/span><\/p>\n<p class=\"cvGsUA direction-ltr align-start para-style-body\"><span class=\"a_GcMg font-feature-liga-off font-feature-clig-off font-feature-calt-off text-decoration-none text-strikethrough-none\">\u2022 Tests de la fonction h\u00e9patique : SGOT, SGPT, PAL<\/span><\/p>\n<p class=\"cvGsUA direction-ltr align-start para-style-body\"><span class=\"a_GcMg font-feature-liga-off font-feature-clig-off font-feature-calt-off text-decoration-none text-strikethrough-none\">\u2022 Tests de la fonction r\u00e9nale : Cr\u00e9atinine, Ur\u00e9e, DFG<\/span><\/p>\n<p class=\"cvGsUA direction-ltr align-start para-style-body\"><span class=\"a_GcMg font-feature-liga-off font-feature-clig-off font-feature-calt-off text-decoration-none text-strikethrough-none\">\u2022 Analyse d&rsquo;urine<\/span><\/p>\n","protected":false},"featured_media":14810,"comment_status":"open","ping_status":"closed","template":"","meta":{"_acf_changed":false},"product_brand":[],"product_cat":[476,573],"product_tag":[],"class_list":{"0":"post-14923","1":"product","2":"type-product","3":"status-publish","4":"has-post-thumbnail","6":"product_cat-non-categorise","7":"product_cat-forfaits","9":"first","10":"instock","11":"taxable","12":"shipping-taxable","13":"purchasable","14":"product-type-simple"},"acf":[],"_links":{"self":[{"href":"https:\/\/thelotusazure.com\/fr\/wp-json\/wp\/v2\/product\/14923","targetHints":{"allow":["GET"]}}],"collection":[{"href":"https:\/\/thelotusazure.com\/fr\/wp-json\/wp\/v2\/product"}],"about":[{"href":"https:\/\/thelotusazure.com\/fr\/wp-json\/wp\/v2\/types\/product"}],"replies":[{"embeddable":true,"href":"https:\/\/thelotusazure.com\/fr\/wp-json\/wp\/v2\/comments?post=14923"}],"wp:featuredmedia":[{"embeddable":true,"href":"https:\/\/thelotusazure.com\/fr\/wp-json\/wp\/v2\/media\/14810"}],"wp:attachment":[{"href":"https:\/\/thelotusazure.com\/fr\/wp-json\/wp\/v2\/media?parent=14923"}],"wp:term":[{"taxonomy":"product_brand","embeddable":true,"href":"https:\/\/thelotusazure.com\/fr\/wp-json\/wp\/v2\/product_brand?post=14923"},{"taxonomy":"product_cat","embeddable":true,"href":"https:\/\/thelotusazure.com\/fr\/wp-json\/wp\/v2\/product_cat?post=14923"},{"taxonomy":"product_tag","embeddable":true,"href":"https:\/\/thelotusazure.com\/fr\/wp-json\/wp\/v2\/product_tag?post=14923"}],"curies":[{"name":"wp","href":"https:\/\/api.w.org\/{rel}","templated":true}]}}