{"id":17555,"date":"2026-01-16T11:29:35","date_gmt":"2026-01-16T11:29:35","guid":{"rendered":"https:\/\/thelotusazure.com\/product\/programmes-a-domicile-pour-entreprises-et-cadres\/"},"modified":"2026-01-16T11:29:35","modified_gmt":"2026-01-16T11:29:35","slug":"programmes-a-domicile-pour-entreprises-et-cadres","status":"publish","type":"product","link":"https:\/\/thelotusazure.com\/fr\/product\/programmes-a-domicile-pour-entreprises-et-cadres\/","title":{"rendered":"Programmes \u00e0 domicile pour entreprises et cadres"},"content":{"rendered":"<p>Programmes \u00e0 domicile pour entreprises et cadres<\/p>\n","protected":false},"excerpt":{"rendered":"<p>Services m\u00e9dicaux \u00e0 domicile organis\u00e9s pour les cadres et les \u00e9quipes d\u2019entreprise&nbsp;: id\u00e9al pour l\u2019int\u00e9gration, la surveillance de routine de la sant\u00e9 et les besoins m\u00e9dicaux confidentiels.<\/p>\n","protected":false},"featured_media":12862,"comment_status":"open","ping_status":"closed","template":"","meta":{"_acf_changed":false},"product_brand":[],"product_cat":[1213],"product_tag":[],"class_list":{"0":"post-17555","1":"product","2":"type-product","3":"status-publish","4":"has-post-thumbnail","6":"product_cat-service-a-domicile","8":"first","9":"instock","10":"taxable","11":"shipping-taxable","12":"product-type-simple"},"acf":[],"_links":{"self":[{"href":"https:\/\/thelotusazure.com\/fr\/wp-json\/wp\/v2\/product\/17555","targetHints":{"allow":["GET"]}}],"collection":[{"href":"https:\/\/thelotusazure.com\/fr\/wp-json\/wp\/v2\/product"}],"about":[{"href":"https:\/\/thelotusazure.com\/fr\/wp-json\/wp\/v2\/types\/product"}],"replies":[{"embeddable":true,"href":"https:\/\/thelotusazure.com\/fr\/wp-json\/wp\/v2\/comments?post=17555"}],"wp:featuredmedia":[{"embeddable":true,"href":"https:\/\/thelotusazure.com\/fr\/wp-json\/wp\/v2\/media\/12862"}],"wp:attachment":[{"href":"https:\/\/thelotusazure.com\/fr\/wp-json\/wp\/v2\/media?parent=17555"}],"wp:term":[{"taxonomy":"product_brand","embeddable":true,"href":"https:\/\/thelotusazure.com\/fr\/wp-json\/wp\/v2\/product_brand?post=17555"},{"taxonomy":"product_cat","embeddable":true,"href":"https:\/\/thelotusazure.com\/fr\/wp-json\/wp\/v2\/product_cat?post=17555"},{"taxonomy":"product_tag","embeddable":true,"href":"https:\/\/thelotusazure.com\/fr\/wp-json\/wp\/v2\/product_tag?post=17555"}],"curies":[{"name":"wp","href":"https:\/\/api.w.org\/{rel}","templated":true}]}}