{"id":17578,"date":"2026-01-23T09:07:37","date_gmt":"2026-01-23T09:07:37","guid":{"rendered":"https:\/\/thelotusazure.com\/product\/travaux-sous-tension-tst-examen-medical\/"},"modified":"2026-01-23T09:07:37","modified_gmt":"2026-01-23T09:07:37","slug":"travaux-sous-tension-tst-examen-medical","status":"publish","type":"product","link":"https:\/\/thelotusazure.com\/fr\/product\/travaux-sous-tension-tst-examen-medical\/","title":{"rendered":"Travaux sous tension (TST) \u2013 Examen m\u00e9dical"},"content":{"rendered":"<p>Liste de contr\u00f4le pour le m\u00e9decin<\/p>\n<p>Examen des exigences du poste et \u00e9valuation des risques<br \/>\nConsultation initiale courte (information et consentement)<\/p>\n<p>Examen physique :<\/p>\n<ul>\n<li>Examen m\u00e9dical g\u00e9n\u00e9ral (m\u00e9decine interne)<\/li>\n<li>\u00c9valuation musculosquelettique (orientation orthop\u00e9dique)<\/li>\n<li>\u00c9valuation neurologique (incluant ant\u00e9c\u00e9dents de crises, fonction motrice, coordination)<\/li>\n<li>\u00c9valuation de la stabilit\u00e9 mentale et de la tol\u00e9rance au stress<\/li>\n<\/ul>\n<p>&nbsp;<\/p>\n<p>Tests oculaires et de la vision :<\/p>\n<ul>\n<li>Acuit\u00e9 visuelle<\/li>\n<li>Vision des couleurs<\/li>\n<li>Champ visuel<\/li>\n<li>D\u00e9pistage de sant\u00e9 (recherche d\u2019anomalies \u00e9videntes, orientation compl\u00e9mentaire uniquement si indiqu\u00e9e)<\/li>\n<\/ul>\n<p>&nbsp;<\/p>\n<p>Audiom\u00e9trie (test d\u2019audition)<\/p>\n<ul>\n<li>Audiom\u00e9trie tonale (seuils d\u2019audition sur les fr\u00e9quences principales)<\/li>\n<li>Audiom\u00e9trie vocale (capacit\u00e9 \u00e0 comprendre la communication orale)<\/li>\n<li>\u00c9valuation de la perception des signaux d\u2019alerte (tonalit\u00e9s\/alarmes pertinentes utilis\u00e9es dans l\u2019environnement de travail)<\/li>\n<\/ul>\n<p>&nbsp;<\/p>\n<p>&nbsp;<\/p>\n<p>ECG au repos (en cas de facteurs de risque cardiovasculaire, une ergom\u00e9trie\/\u00e9preuve d\u2019effort suppl\u00e9mentaire est recommand\u00e9e)<\/p>\n<p>Clarification de tout r\u00e9sultat incertain (diagnostics compl\u00e9mentaires si n\u00e9cessaire)<\/p>\n<p>Recherche de contre-indications (ex. : \u00e9pilepsie, dispositifs implant\u00e9s, troubles cardiovasculaires graves)<\/p>\n<p>Avis m\u00e9dical final d\u2019aptitude selon les exigences du poste \u2013 physique et mentale (apte\/inapte)<\/p>\n<p>Consultation de cl\u00f4ture avec l\u2019employ\u00e9<\/p>\n<p>D\u00e9livrance du certificat m\u00e9dical<\/p>\n","protected":false},"excerpt":{"rendered":"<p>Liste de contr\u00f4le pour le m\u00e9decin<\/p>\n<p>Examen des exigences du poste et \u00e9valuation des risques<br \/>\nConsultation initiale courte (information et consentement)<\/p>\n<p>Examen physique :<\/p>\n<ul>\n<li>Examen m\u00e9dical g\u00e9n\u00e9ral (m\u00e9decine interne)<\/li>\n<li>\u00c9valuation musculosquelettique (orientation orthop\u00e9dique)<\/li>\n<li>\u00c9valuation neurologique (incluant ant\u00e9c\u00e9dents de crises, fonction motrice, coordination)<\/li>\n<li>\u00c9valuation de la stabilit\u00e9 mentale et de la tol\u00e9rance au stress<\/li>\n<\/ul>\n<p>&nbsp;<\/p>\n<p>Tests oculaires et de la vision :<\/p>\n<ul>\n<li>Acuit\u00e9 visuelle<\/li>\n<li>Vision des couleurs<\/li>\n<li>Champ visuel<\/li>\n<li>D\u00e9pistage de sant\u00e9 (recherche d\u2019anomalies \u00e9videntes, orientation compl\u00e9mentaire uniquement si indiqu\u00e9e)<\/li>\n<\/ul>\n<p>Audiom\u00e9trie (test d\u2019audition)<\/p>\n<ul>\n<li>Audiom\u00e9trie tonale (seuils d\u2019audition sur les fr\u00e9quences principales)<\/li>\n<li>Audiom\u00e9trie vocale (capacit\u00e9 \u00e0 comprendre la communication orale)<\/li>\n<li>\u00c9valuation de la perception des signaux d\u2019alerte (tonalit\u00e9s\/alarmes pertinentes utilis\u00e9es dans l\u2019environnement de travail)<\/li>\n<\/ul>\n<p>ECG au repos (en cas de facteurs de risque cardiovasculaire, une ergom\u00e9trie\/\u00e9preuve d\u2019effort suppl\u00e9mentaire est recommand\u00e9e)<br \/>\nClarification de tout r\u00e9sultat incertain (diagnostics compl\u00e9mentaires si n\u00e9cessaire)<br \/>\nRecherche de contre-indications (ex. : \u00e9pilepsie, dispositifs implant\u00e9s, troubles cardiovasculaires graves)<br \/>\nAvis m\u00e9dical final d\u2019aptitude selon les exigences du poste \u2013 physique et mentale (apte\/inapte)<br \/>\nConsultation de cl\u00f4ture avec l\u2019employ\u00e9<br \/>\nD\u00e9livrance du certificat m\u00e9dical<\/p>\n","protected":false},"featured_media":12858,"comment_status":"open","ping_status":"closed","template":"","meta":{"_acf_changed":false},"product_brand":[],"product_cat":[1205],"product_tag":[],"class_list":{"0":"post-17578","1":"product","2":"type-product","3":"status-publish","4":"has-post-thumbnail","6":"product_cat-sante-au-travail","8":"first","9":"instock","10":"taxable","11":"shipping-taxable","12":"product-type-simple"},"acf":[],"_links":{"self":[{"href":"https:\/\/thelotusazure.com\/fr\/wp-json\/wp\/v2\/product\/17578","targetHints":{"allow":["GET"]}}],"collection":[{"href":"https:\/\/thelotusazure.com\/fr\/wp-json\/wp\/v2\/product"}],"about":[{"href":"https:\/\/thelotusazure.com\/fr\/wp-json\/wp\/v2\/types\/product"}],"replies":[{"embeddable":true,"href":"https:\/\/thelotusazure.com\/fr\/wp-json\/wp\/v2\/comments?post=17578"}],"wp:featuredmedia":[{"embeddable":true,"href":"https:\/\/thelotusazure.com\/fr\/wp-json\/wp\/v2\/media\/12858"}],"wp:attachment":[{"href":"https:\/\/thelotusazure.com\/fr\/wp-json\/wp\/v2\/media?parent=17578"}],"wp:term":[{"taxonomy":"product_brand","embeddable":true,"href":"https:\/\/thelotusazure.com\/fr\/wp-json\/wp\/v2\/product_brand?post=17578"},{"taxonomy":"product_cat","embeddable":true,"href":"https:\/\/thelotusazure.com\/fr\/wp-json\/wp\/v2\/product_cat?post=17578"},{"taxonomy":"product_tag","embeddable":true,"href":"https:\/\/thelotusazure.com\/fr\/wp-json\/wp\/v2\/product_tag?post=17578"}],"curies":[{"name":"wp","href":"https:\/\/api.w.org\/{rel}","templated":true}]}}