{"id":17594,"date":"2026-01-23T09:25:44","date_gmt":"2026-01-23T09:25:44","guid":{"rendered":"https:\/\/thelotusazure.com\/product\/equipement-de-protection-respiratoire-epr-examen-daptitude-medicale\/"},"modified":"2026-01-23T09:25:44","modified_gmt":"2026-01-23T09:25:44","slug":"equipement-de-protection-respiratoire-epr-examen-daptitude-medicale","status":"publish","type":"product","link":"https:\/\/thelotusazure.com\/fr\/product\/equipement-de-protection-respiratoire-epr-examen-daptitude-medicale\/","title":{"rendered":"\u00c9quipement de Protection Respiratoire (EPR) \u2013 Examen d&rsquo;aptitude m\u00e9dicale"},"content":{"rendered":"","protected":false},"excerpt":{"rendered":"<p><strong>Exemples de t\u00e2ches et de r\u00f4les pour lesquels cette \u00e9valuation est g\u00e9n\u00e9ralement requise :<\/strong><\/p>\n<ul>\n<li>Port d&rsquo;un \u00e9quipement de protection respiratoire (EPR) avec une r\u00e9sistance respiratoire et\/ou un poids d&rsquo;appareil pertinents (par exemple, demi-masque\/masque complet avec filtres, appareil de protection respiratoire \u00e0 ventilation assist\u00e9e, appareil respiratoire autonome).<\/li>\n<li>Travaux de maintenance\/installation dans des espaces confin\u00e9s o\u00f9 un EPR est requis (par exemple, galeries de c\u00e2bles, puits, locaux techniques).<\/li>\n<li>Activit\u00e9s de maintenance \u00e9lectrique ou industrielle avec exposition \u00e0 des poussi\u00e8res\/fibres\/fum\u00e9es n\u00e9cessitant un EPR (par exemple, forage, d\u00e9coupe, meulage, d\u00e9molition, travaux de d\u00e9pollution).<\/li>\n<li>\u00c9quipes d&rsquo;intervention d&rsquo;urgence ou de permanence devant travailler sous EPR (par exemple, brigade de pompiers d&rsquo;usine, \u00e9quipes d&rsquo;incidents techniques).<\/li>\n<\/ul>\n<p>&nbsp;<\/p>\n<p><strong>Examen m\u00e9dical \u2013 Liste de contr\u00f4le pour le m\u00e9decin<\/strong><\/p>\n<p>Examen des exigences du poste et \u00e9valuation des risques (type d&rsquo;EPR, groupe\/poids de l&rsquo;appareil, intensit\u00e9 de travail pr\u00e9vue, conditions environnementales, dur\u00e9e d&rsquo;utilisation).<\/p>\n<p>Premi\u00e8re consultation br\u00e8ve (information et consentement).<\/p>\n<p>Examen physique :<\/p>\n<ul>\n<li>Examen m\u00e9dical g\u00e9n\u00e9ral (m\u00e9decine interne).<\/li>\n<li>\u00c9valuation respiratoire cibl\u00e9e (voies respiratoires sup\u00e9rieures et inf\u00e9rieures ; ant\u00e9c\u00e9dents d&rsquo;asthme\/BPCO ; sympt\u00f4mes actuels).<\/li>\n<li>\u00c9valuation cardiovasculaire (tension art\u00e9rielle, facteurs de risque, sympt\u00f4mes \u00e0 l&rsquo;effort).<\/li>\n<li>\u00c9valuation musculo-squelettique (capacit\u00e9 \u00e0 porter la charge de l&rsquo;appareil ; limitations du cou\/\u00e9paules\/dos).<\/li>\n<li>\u00c9valuation neurologique (y compris ant\u00e9c\u00e9dents de crises ; coordination ; \u00e9quilibre).<\/li>\n<li>\u00c9valuation de l&rsquo;aptitude psychologique (par exemple, risque de claustrophobie\/panique, tol\u00e9rance au stress).<\/li>\n<\/ul>\n<p>&nbsp;<\/p>\n<p>Tests de fonction pulmonaire :<\/p>\n<ul>\n<li>Spirom\u00e9trie incluant la courbe d\u00e9bit-volume (interpr\u00e9tation en relation avec la charge de l&rsquo;EPR et la charge de travail).<\/li>\n<li>Diagnostics\/orientations suppl\u00e9mentaires si les r\u00e9sultats sont anormaux ou si les sympt\u00f4mes sugg\u00e8rent une maladie respiratoire pertinente.<\/li>\n<\/ul>\n<p>&nbsp;<\/p>\n<p>\u00c9valuation de la condition cardiorespiratoire :<\/p>\n<ul>\n<li>ECG de repos.<\/li>\n<li>Test d&rsquo;effort (ergom\u00e9trie) pour les EPR \u00e0 charge plus \u00e9lev\u00e9e et\/ou si indiqu\u00e9 par les r\u00e9sultats cliniques ou le profil de risque cardiovasculaire.<\/li>\n<\/ul>\n<p>&nbsp;<\/p>\n<p>Tests oculaires et visuels (pertinents pour la t\u00e2che) :<\/p>\n<ul>\n<li>Acuit\u00e9 visuelle (ad\u00e9quate pour une navigation\/communication s\u00fbre lors du port de l&rsquo;EPR).<\/li>\n<li>Optionnel : champ visuel et\/ou compatibilit\u00e9 des lentilles correctrices avec le masque facial, si pertinent.<\/li>\n<\/ul>\n<p>&nbsp;<\/p>\n<p>Audiom\u00e9trie (test auditif) si n\u00e9cessaire pour la communication et la reconnaissance des signaux d&rsquo;avertissement dans l&rsquo;environnement de travail :<\/p>\n<ul>\n<li>Audiom\u00e9trie tonale pure (seuils auditifs sur les fr\u00e9quences pertinentes).<\/li>\n<li>\u00c9valuation de la perception des signaux d&rsquo;avertissement (tons\/alarmes pertinents utilis\u00e9s dans l&rsquo;environnement de travail).<\/li>\n<li>Clarification de toute constatation peu claire (diagnostics suppl\u00e9mentaires si n\u00e9cessaire).<\/li>\n<\/ul>\n<p>&nbsp;<\/p>\n<p>V\u00e9rification des contre-indications ou limitations majeures (exemples) :<\/p>\n<ul>\n<li>Maladie respiratoire grave ou instable (par exemple, asthme mal contr\u00f4l\u00e9, BPCO s\u00e9v\u00e8re).<\/li>\n<li>Maladie cardiovasculaire non contr\u00f4l\u00e9e significative ou sympt\u00f4mes \u00e0 l&rsquo;effort sugg\u00e9rant une isch\u00e9mie\/arythmie.<\/li>\n<li>Anxi\u00e9t\u00e9\/claustrophobie s\u00e9v\u00e8re pouvant compromettre l&rsquo;utilisation s\u00fbre de l&rsquo;EPR.<\/li>\n<\/ul>\n<p>Jugement m\u00e9dical final d&rsquo;aptitude selon les exigences du poste (apte \/ apte avec restrictions \/ inapte).<\/p>\n<p>Consultation de cl\u00f4ture avec l&#8217;employ\u00e9 (r\u00e9sultats, recommandations, suivi si n\u00e9cessaire).<\/p>\n<p>D\u00e9livrance du certificat m\u00e9dical \/ documentation selon le cadre applicable.<\/p>\n","protected":false},"featured_media":12858,"comment_status":"open","ping_status":"closed","template":"","meta":{"_acf_changed":false},"product_brand":[],"product_cat":[1205],"product_tag":[],"class_list":{"0":"post-17594","1":"product","2":"type-product","3":"status-publish","4":"has-post-thumbnail","6":"product_cat-sante-au-travail","8":"first","9":"instock","10":"taxable","11":"shipping-taxable","12":"product-type-simple"},"acf":[],"_links":{"self":[{"href":"https:\/\/thelotusazure.com\/fr\/wp-json\/wp\/v2\/product\/17594","targetHints":{"allow":["GET"]}}],"collection":[{"href":"https:\/\/thelotusazure.com\/fr\/wp-json\/wp\/v2\/product"}],"about":[{"href":"https:\/\/thelotusazure.com\/fr\/wp-json\/wp\/v2\/types\/product"}],"replies":[{"embeddable":true,"href":"https:\/\/thelotusazure.com\/fr\/wp-json\/wp\/v2\/comments?post=17594"}],"wp:featuredmedia":[{"embeddable":true,"href":"https:\/\/thelotusazure.com\/fr\/wp-json\/wp\/v2\/media\/12858"}],"wp:attachment":[{"href":"https:\/\/thelotusazure.com\/fr\/wp-json\/wp\/v2\/media?parent=17594"}],"wp:term":[{"taxonomy":"product_brand","embeddable":true,"href":"https:\/\/thelotusazure.com\/fr\/wp-json\/wp\/v2\/product_brand?post=17594"},{"taxonomy":"product_cat","embeddable":true,"href":"https:\/\/thelotusazure.com\/fr\/wp-json\/wp\/v2\/product_cat?post=17594"},{"taxonomy":"product_tag","embeddable":true,"href":"https:\/\/thelotusazure.com\/fr\/wp-json\/wp\/v2\/product_tag?post=17594"}],"curies":[{"name":"wp","href":"https:\/\/api.w.org\/{rel}","templated":true}]}}