{"id":17597,"date":"2026-01-16T11:26:14","date_gmt":"2026-01-16T11:26:14","guid":{"rendered":"https:\/\/thelotusazure.com\/product\/visite-dun-medecin-a-domicile-soins-primaires\/"},"modified":"2026-01-16T11:26:14","modified_gmt":"2026-01-16T11:26:14","slug":"visite-dun-medecin-a-domicile-soins-primaires","status":"publish","type":"product","link":"https:\/\/thelotusazure.com\/fr\/product\/visite-dun-medecin-a-domicile-soins-primaires\/","title":{"rendered":"Visite d\u2019un m\u00e9decin \u00e0 domicile (soins primaires)"},"content":{"rendered":"<p>Visite d\u2019un m\u00e9decin \u00e0 domicile (soins primaires)<\/p>\n","protected":false},"excerpt":{"rendered":"<p>Un m\u00e9decin g\u00e9n\u00e9raliste (MD) vous rend visite \u00e0 domicile pour une consultation calme et sans h\u00e2te, comprenant des contr\u00f4les des signes vitaux, une \u00e9valuation des maladies mineures, une surveillance des affections chroniques et des prescriptions ou des r\u00e9f\u00e9rences, le cas \u00e9ch\u00e9ant.<\/p>\n","protected":false},"featured_media":12862,"comment_status":"open","ping_status":"closed","template":"","meta":{"_acf_changed":false},"product_brand":[],"product_cat":[1213],"product_tag":[],"class_list":{"0":"post-17597","1":"product","2":"type-product","3":"status-publish","4":"has-post-thumbnail","6":"product_cat-service-a-domicile","8":"first","9":"instock","10":"taxable","11":"shipping-taxable","12":"product-type-simple"},"acf":[],"_links":{"self":[{"href":"https:\/\/thelotusazure.com\/fr\/wp-json\/wp\/v2\/product\/17597","targetHints":{"allow":["GET"]}}],"collection":[{"href":"https:\/\/thelotusazure.com\/fr\/wp-json\/wp\/v2\/product"}],"about":[{"href":"https:\/\/thelotusazure.com\/fr\/wp-json\/wp\/v2\/types\/product"}],"replies":[{"embeddable":true,"href":"https:\/\/thelotusazure.com\/fr\/wp-json\/wp\/v2\/comments?post=17597"}],"wp:featuredmedia":[{"embeddable":true,"href":"https:\/\/thelotusazure.com\/fr\/wp-json\/wp\/v2\/media\/12862"}],"wp:attachment":[{"href":"https:\/\/thelotusazure.com\/fr\/wp-json\/wp\/v2\/media?parent=17597"}],"wp:term":[{"taxonomy":"product_brand","embeddable":true,"href":"https:\/\/thelotusazure.com\/fr\/wp-json\/wp\/v2\/product_brand?post=17597"},{"taxonomy":"product_cat","embeddable":true,"href":"https:\/\/thelotusazure.com\/fr\/wp-json\/wp\/v2\/product_cat?post=17597"},{"taxonomy":"product_tag","embeddable":true,"href":"https:\/\/thelotusazure.com\/fr\/wp-json\/wp\/v2\/product_tag?post=17597"}],"curies":[{"name":"wp","href":"https:\/\/api.w.org\/{rel}","templated":true}]}}