{"id":17601,"date":"2026-01-16T11:25:17","date_gmt":"2026-01-16T11:25:17","guid":{"rendered":"https:\/\/thelotusazure.com\/product\/prelevement-sanguin-a-domicile\/"},"modified":"2026-01-16T11:25:17","modified_gmt":"2026-01-16T11:25:17","slug":"prelevement-sanguin-a-domicile","status":"publish","type":"product","link":"https:\/\/thelotusazure.com\/fr\/product\/prelevement-sanguin-a-domicile\/","title":{"rendered":"Pr\u00e9l\u00e8vement sanguin \u00e0 domicile"},"content":{"rendered":"<p>Pr\u00e9l\u00e8vement sanguin \u00e0 domicile<\/p>\n","protected":false},"excerpt":{"rendered":"<p>Les \u00e9chantillons de sang sont pr\u00e9lev\u00e9s en douceur \u00e0 votre domicile \u00e0 l\u2019aide de syst\u00e8mes de pr\u00e9l\u00e8vement de qualit\u00e9 m\u00e9dicale et transport\u00e9s dans des conditions de cha\u00eene du froid \u00e0 temp\u00e9rature contr\u00f4l\u00e9e vers des laboratoires certifi\u00e9s. Vos rapports sont livr\u00e9s num\u00e9riquement. <\/p>\n","protected":false},"featured_media":12862,"comment_status":"open","ping_status":"closed","template":"","meta":{"_acf_changed":false},"product_brand":[],"product_cat":[1213],"product_tag":[],"class_list":{"0":"post-17601","1":"product","2":"type-product","3":"status-publish","4":"has-post-thumbnail","6":"product_cat-service-a-domicile","8":"first","9":"instock","10":"taxable","11":"shipping-taxable","12":"product-type-simple"},"acf":[],"_links":{"self":[{"href":"https:\/\/thelotusazure.com\/fr\/wp-json\/wp\/v2\/product\/17601","targetHints":{"allow":["GET"]}}],"collection":[{"href":"https:\/\/thelotusazure.com\/fr\/wp-json\/wp\/v2\/product"}],"about":[{"href":"https:\/\/thelotusazure.com\/fr\/wp-json\/wp\/v2\/types\/product"}],"replies":[{"embeddable":true,"href":"https:\/\/thelotusazure.com\/fr\/wp-json\/wp\/v2\/comments?post=17601"}],"wp:featuredmedia":[{"embeddable":true,"href":"https:\/\/thelotusazure.com\/fr\/wp-json\/wp\/v2\/media\/12862"}],"wp:attachment":[{"href":"https:\/\/thelotusazure.com\/fr\/wp-json\/wp\/v2\/media?parent=17601"}],"wp:term":[{"taxonomy":"product_brand","embeddable":true,"href":"https:\/\/thelotusazure.com\/fr\/wp-json\/wp\/v2\/product_brand?post=17601"},{"taxonomy":"product_cat","embeddable":true,"href":"https:\/\/thelotusazure.com\/fr\/wp-json\/wp\/v2\/product_cat?post=17601"},{"taxonomy":"product_tag","embeddable":true,"href":"https:\/\/thelotusazure.com\/fr\/wp-json\/wp\/v2\/product_tag?post=17601"}],"curies":[{"name":"wp","href":"https:\/\/api.w.org\/{rel}","templated":true}]}}